{"id":1693,"date":"2025-10-07T19:01:39","date_gmt":"2025-10-07T17:01:39","guid":{"rendered":"https:\/\/creatur360.com\/desaCB\/?post_type=product&#038;p=1693"},"modified":"2025-10-07T19:01:40","modified_gmt":"2025-10-07T17:01:40","slug":"costa-brava-top","status":"publish","type":"product","link":"https:\/\/creatur360.com\/producto-turistico\/tour\/costa-brava-top\/","title":{"rendered":"Costa Brava Esencial &#8211; 4 D\u00edas"},"content":{"rendered":"<h3><strong>Descripci\u00f3n<\/strong><\/h3>\n<p>Descubre la Costa Brava en un viaje de 4 d\u00edas que te llevar\u00e1 por sus paisajes m\u00e1s emblem\u00e1ticos. Recorreremos pueblos medievales, calas de aguas turquesas y el museo de un genio, todo ello con base en un hotel c\u00e9ntrico que te permitir\u00e1 explorar con total autonom\u00eda. Disfruta de la esencia mediterr\u00e1nea con un itinerario flexible, pensado para maravillarte con la belleza salvaje de esta costa.<\/p>\n","protected":false},"excerpt":{"rendered":"<p>Descubre la Costa Brava en un viaje de 4 d\u00edas que te llevar\u00e1 por sus paisajes m\u00e1s emblem\u00e1ticos. Recorreremos pueblos medievales, calas de aguas turquesas y el museo de un genio, todo ello con base en un hotel c\u00e9ntrico que te permitir\u00e1 explorar con total autonom\u00eda. Disfruta de la esencia mediterr\u00e1nea con un itinerario flexible, pensado para maravillarte con la belleza salvaje de esta costa.<\/p>\n","protected":false},"featured_media":1639,"template":"","meta":[],"product_brand":[],"product_cat":[42,46,36],"product_tag":[],"class_list":{"0":"post-1693","1":"product","2":"type-product","3":"status-publish","4":"has-post-thumbnail","6":"product_cat-barcelona","7":"product_cat-costabrava","8":"product_cat-tours","10":"first","11":"instock","12":"featured","13":"sold-individually","14":"shipping-taxable","15":"purchasable","16":"product-type-booking"},"_links":{"self":[{"href":"https:\/\/creatur360.com\/producto-turistico\/wp-json\/wp\/v2\/product\/1693","targetHints":{"allow":["GET"]}}],"collection":[{"href":"https:\/\/creatur360.com\/producto-turistico\/wp-json\/wp\/v2\/product"}],"about":[{"href":"https:\/\/creatur360.com\/producto-turistico\/wp-json\/wp\/v2\/types\/product"}],"wp:featuredmedia":[{"embeddable":true,"href":"https:\/\/creatur360.com\/producto-turistico\/wp-json\/wp\/v2\/media\/1639"}],"wp:attachment":[{"href":"https:\/\/creatur360.com\/producto-turistico\/wp-json\/wp\/v2\/media?parent=1693"}],"wp:term":[{"taxonomy":"product_brand","embeddable":true,"href":"https:\/\/creatur360.com\/producto-turistico\/wp-json\/wp\/v2\/product_brand?post=1693"},{"taxonomy":"product_cat","embeddable":true,"href":"https:\/\/creatur360.com\/producto-turistico\/wp-json\/wp\/v2\/product_cat?post=1693"},{"taxonomy":"product_tag","embeddable":true,"href":"https:\/\/creatur360.com\/producto-turistico\/wp-json\/wp\/v2\/product_tag?post=1693"}],"curies":[{"name":"wp","href":"https:\/\/api.w.org\/{rel}","templated":true}]}}