{"id":1444,"date":"2025-09-19T11:32:52","date_gmt":"2025-09-19T09:32:52","guid":{"rendered":"https:\/\/creatur360.com\/desaCB\/?post_type=product&#038;p=1444"},"modified":"2025-10-07T12:27:50","modified_gmt":"2025-10-07T10:27:50","slug":"las-alfonsadas","status":"publish","type":"product","link":"https:\/\/creatur360.com\/producto-turistico\/tour\/las-alfonsadas\/","title":{"rendered":"Las Alfonsadas"},"content":{"rendered":"<p>Las Alfonsadas son una recreaci\u00f3n hist\u00f3rica medieval de la conquista de Calatayud por el rey aragon\u00e9s Alfonso I\u00a0<em>El Batallador\u00a0<\/em>en el a\u00f1o 1120. Se trata de un vistoso espect\u00e1culo porque toda la ciudad hace un viaje en el tiempo para recrear el ambiente de la reconquista, llen\u00e1ndose de escudos y adornos.<br \/>\n<strong>Las Alfonsadas son la exaltaci\u00f3n de la convivencia y valores medievales\u00a0<\/strong>de la muy noble e ilustre ciudad de Calatayud y su amplia Comarca, y de todos los actos centrados en las vicisitudes y acontecimientos que se sucedieron durante\u00a0<strong>la conquista cristiana de Calatayud .<\/strong><br \/>\nEn Calatayud existi\u00f3 un gran n\u00facleo de resistencia de los \u00e1rabes. \u00b7 Calatayud lleg\u00f3 a tener un Conjunto Fortificado de gran importancia, integrado por cinco castillos y un entramado de 25 hect\u00e1reas de murallas, con una altura que va desde los 6 hasta 15 metros. Esto nos da una idea de lo inexpugnable de este singular conjunto defensivo musulm\u00e1n.<br \/>\nE<em>l conjunto defensivo urbano de Calatayud, con sus m\u00e1s de once siglos de existencia es el m\u00e1s antiguo que se conserva de los construidos por los \u00e1rabes en la Pen\u00ednsula, y tambi\u00e9n uno de los m\u00e1s antiguos del mundo isl\u00e1mico.<\/em><br \/>\nDurante la celebraci\u00f3n las calles del casco hist\u00f3rico queden impregnadas de la alegr\u00eda, armon\u00eda, olores y sabores de nuestras\u00a0<strong>Tres Culturas,\u00a0<\/strong>que ejemplarmente supieron convivir en nuestro amado Calatayud.<br \/>\nEl nombre de la ciudad no ofrece lugar a dudas sobre su origen: Qal\u00b4at Ayyub que en \u00e1rabe significa castillo o fortaleza de Ayyub. Seg\u00fan el obispo Jim\u00e9nez de Rada, del siglo XIII, ser\u00eda fundada por el emir Ayyub ben Habib al-Hajmi, tercer emir de Al-Andalus, en el a\u00f1o 716, habi\u00e9ndose mantenido este nombre hasta hoy sin apenas alteraciones. Con gran probabilidad, este primer n\u00facleo originario, del siglo VIII, fuese lo que hoy se conoce como castillo de Do\u00f1a Martina.<\/p>\n","protected":false},"excerpt":{"rendered":"<p>Las Alfonsadas son una recreaci\u00f3n hist\u00f3rica medieval de la conquista de Calatayud por el rey aragon\u00e9s Alfonso I El Batallador en el a\u00f1o 1120. Se trata de un vistoso espect\u00e1culo porque toda la ciudad hace un viaje en el tiempo para recrear el ambiente de la reconquista, llen\u00e1ndose de escudos y adornos.<\/p>\n","protected":false},"featured_media":1428,"template":"","meta":[],"product_brand":[],"product_cat":[42,45,43,41,36],"product_tag":[],"class_list":{"0":"post-1444","1":"product","2":"type-product","3":"status-publish","4":"has-post-thumbnail","6":"product_cat-barcelona","7":"product_cat-populares","8":"product_cat-galicia","9":"product_cat-madrid","10":"product_cat-tours","12":"first","13":"instock","14":"featured","15":"sold-individually","16":"shipping-taxable","17":"purchasable","18":"product-type-booking"},"_links":{"self":[{"href":"https:\/\/creatur360.com\/producto-turistico\/wp-json\/wp\/v2\/product\/1444","targetHints":{"allow":["GET"]}}],"collection":[{"href":"https:\/\/creatur360.com\/producto-turistico\/wp-json\/wp\/v2\/product"}],"about":[{"href":"https:\/\/creatur360.com\/producto-turistico\/wp-json\/wp\/v2\/types\/product"}],"wp:featuredmedia":[{"embeddable":true,"href":"https:\/\/creatur360.com\/producto-turistico\/wp-json\/wp\/v2\/media\/1428"}],"wp:attachment":[{"href":"https:\/\/creatur360.com\/producto-turistico\/wp-json\/wp\/v2\/media?parent=1444"}],"wp:term":[{"taxonomy":"product_brand","embeddable":true,"href":"https:\/\/creatur360.com\/producto-turistico\/wp-json\/wp\/v2\/product_brand?post=1444"},{"taxonomy":"product_cat","embeddable":true,"href":"https:\/\/creatur360.com\/producto-turistico\/wp-json\/wp\/v2\/product_cat?post=1444"},{"taxonomy":"product_tag","embeddable":true,"href":"https:\/\/creatur360.com\/producto-turistico\/wp-json\/wp\/v2\/product_tag?post=1444"}],"curies":[{"name":"wp","href":"https:\/\/api.w.org\/{rel}","templated":true}]}}