{"id":359,"date":"2018-03-05T13:10:40","date_gmt":"2018-03-05T13:10:40","guid":{"rendered":"https:\/\/themes.themeenergy.com\/bookyourtravel\/tour-operator\/?page_id=13"},"modified":"2025-10-09T19:24:15","modified_gmt":"2025-10-09T19:24:15","slug":"home-tour-operator","status":"publish","type":"page","link":"https:\/\/creatur360.com\/guia-turismo\/","title":{"rendered":"Gu\u00edatur"},"content":{"rendered":"<div class=\"wpb-content-wrapper\"><p>[vc_row full_width=\u00bbstretch_row\u00bb gap=\u00bb30&#8243; css=\u00bb.vc_custom_1552586126722{padding-top: 25px !important;padding-bottom: 20px !important;background-color: #ffffff !important;}\u00bb][vc_column]<div class=\"widget widget-sidebar \">\t\t\n\t\t<!-- Services iconic -->\n\t\t\t\t<div class=\"iconic\">\n\t\t\t\t\t<div class=\"wrapper\">\n\t\t\t\t<div class=\"row\">\n\t\t\t\t\t\t<!-- Item -->\n\t\t\t\t\t\t<div class=\"one-fourth\">\n\t\t\t\t\t\t\t\t\t\t\t\t\t\t\t<span class=\"circle\"><span class=\"icon material-icons\">favorite_border<\/span><\/span>\n\t\t\t\t\t\t\t\t\t\t\t\t\t\t\t\t\t\t\t\t\t<h4>Servicio apasionado<\/h4>\n\t\t\t\t\t\t\t\t\t\t\t\t\t\t\t\t\t\t\t\t\t<div class=\"desc\">Itinerarios creados por gu\u00edas locales que aman su ciudad. Grupos peque\u00f1os, ritmo c\u00f3modo y detalles que marcan la diferencia.<\/div>\n\t\t\t\t\t\t\t\t\t\t\t\t\t<\/div>\n\t\t\t\t\t\t<!-- \/\/Item -->\n\t\t\t\t\t\t\t\t\t\t\t\t<!-- Item -->\n\t\t\t\t\t\t<div class=\"one-fourth\">\n\t\t\t\t\t\t\t\t\t\t\t\t\t\t\t<span class=\"circle\"><span class=\"icon material-icons\">event<\/span><\/span>\n\t\t\t\t\t\t\t\t\t\t\t\t\t\t\t\t\t\t\t\t\t<h4>Reserva segura<\/h4>\n\t\t\t\t\t\t\t\t\t\t\t\t\t\t\t\t\t\t\t\t\t<div class=\"desc\">Pago encriptado y confirmaci\u00f3n al instante. Datos protegidos, cancelaci\u00f3n flexible y gesti\u00f3n f\u00e1cil desde tu correo o \u00e1rea de cliente.<\/div>\n\t\t\t\t\t\t\t\t\t\t\t\t\t<\/div>\n\t\t\t\t\t\t<!-- \/\/Item -->\n\t\t\t\t\t\t\t\t\t\t\t\t<!-- Item -->\n\t\t\t\t\t\t<div class=\"one-fourth\">\n\t\t\t\t\t\t\t\t\t\t\t\t\t\t\t<span class=\"circle\"><span class=\"icon material-icons\">sentiment_very_satisfied<\/span><\/span>\n\t\t\t\t\t\t\t\t\t\t\t\t\t\t\t\t\t\t\t\t\t<h4>Soporte cercano<\/h4>\n\t\t\t\t\t\t\t\t\t\t\t\t\t\t\t\t\t\t\t\t\t<div class=\"desc\">7 d\u00edas a la semana, te acompa\u00f1amos en cada paso del viaje.<\/div>\n\t\t\t\t\t\t\t\t\t\t\t\t\t<\/div>\n\t\t\t\t\t\t<!-- \/\/Item -->\n\t\t\t\t\t\t\t\t\t\t\t\t<!-- Item -->\n\t\t\t\t\t\t<div class=\"one-fourth\">\n\t\t\t\t\t\t\t\t\t\t\t\t\t\t\t<span class=\"circle\"><span class=\"icon material-icons\">star_border<\/span><\/span>\n\t\t\t\t\t\t\t\t\t\t\t\t\t\t\t\t\t\t\t\t\t<h4>Mejores precios<\/h4>\n\t\t\t\t\t\t\t\t\t\t\t\t\t\t\t\t\t\t\t\t\t<div class=\"desc\">Precio final sin sorpresas ni comisiones ocultas. Tarifas competitivas y valor real en cada experiencia.<\/div>\n\t\t\t\t\t\t\t\t\t\t\t\t\t<\/div>\n\t\t\t\t\t\t<!-- \/\/Item -->\n\t\t\t\t\t\t\t\t\t\t\n\t\t\t\t<\/div>\n\t\t\t<\/div>\n\t\t<\/div>\n\t\t<!-- \/\/Services iconic -->\n\n\t\t<\/div>[\/vc_column][\/vc_row][vc_row equal_height=\u00bbyes\u00bb content_placement=\u00bbmiddle\u00bb css=\u00bb.vc_custom_1540393952215{padding-top: 40px !important;padding-bottom: 20px !important;}\u00bb][vc_column width=\u00bb1\/2&#8243;][vc_column_text css=\u00bb\u00bb]<\/p>\n<h2>Tours para tu pr\u00f3xima escapada<\/h2>\n<p>Visitas guiadas en Espa\u00f1a, Europa y otros destinos. Gu\u00eda en espa\u00f1ol, entradas sin colas y confirmaci\u00f3n inmediata.[\/vc_column_text][\/vc_column][vc_column width=\u00bb1\/2&#8243;][\/vc_column][\/vc_row][vc_row css=\u00bb.vc_custom_1540399084096{padding-bottom: 50px !important;}\u00bb][vc_column]<div class=\"widget widget-sidebar \"><div class=\"s-title\"><h2><\/h2><\/div><div class=\"deals\"><div class=\"row\"><article data-tour-id=\"3759\" class=\"tour_item one-third \"><div><a href=\"https:\/\/creatur360.com\/guia-turismo\/tour\/madeira-poncha-lapas-mercado\/\"><figure><img fetchpriority=\"high\" decoding=\"async\" width=\"400\" height=\"300\" src=\"https:\/\/creatur360.com\/guia-turismo\/wp-content\/uploads\/2025\/09\/tour-por-madeira-poncha-portada-400x300.png\" class=\"attachment-thumbnail size-thumbnail wp-post-image\" alt=\"Tour por Madeira\" \/><\/figure><\/a><div class=\"details \"><div class='item-header'><h3><a href=\"https:\/\/creatur360.com\/guia-turismo\/tour\/madeira-poncha-lapas-mercado\/\">Madeira: poncha, lapas y mercado<\/a><\/h3>\t\t<span class=\"address\">\n\t\t\tMercado dos Lavradores (Funchal), entrada principal (Rua Latino Coelho).\t\t<\/span>\n\t\t<\/div>\t\t<div class=\"item_price\" style=\"display:none\">\n\t\t\tDesde\t\t\t\t\t\t<span class=\"price\">\n\t\t\t\t<em>\n\t\t\t\t\t\t\t\t<span class=\"curr\"><\/span>\n\t\t\t\t<span class=\"amount\"><\/span>\n\t\t\t\t\t\t\t\t<\/em>\n\t\t\t<\/span>\n\t\t\t\t<\/div>\n\t\t<div class='description'><p>Funchal foodie: mercado, <strong>poncha<\/strong> y <strong>lapas<\/strong> a la plancha en 4 h con gu\u00eda local.<\/p>\n<\/div><div class='actions'><a href='https:\/\/creatur360.com\/guia-turismo\/tour\/madeira-poncha-lapas-mercado\/' class='gradient-button edit-entity'  data-id='3759'>Reserva ahora<\/a><\/div><\/div><!--\/\/details--><a href=\"https:\/\/creatur360.com\/guia-turismo\/tour\/madeira-poncha-lapas-mercado\/\" class=\"overlay-link\"><\/a><\/div><\/article><!--\/\/tour_item--><article data-tour-id=\"3757\" class=\"tour_item one-third \"><div><a href=\"https:\/\/creatur360.com\/guia-turismo\/tour\/burdeos-saint-emilion-dia-completo\/\"><figure><img decoding=\"async\" width=\"400\" height=\"300\" src=\"https:\/\/creatur360.com\/guia-turismo\/wp-content\/uploads\/2025\/09\/tour-por-burdeos-saint-emilion-portada-400x300.png\" class=\"attachment-thumbnail size-thumbnail wp-post-image\" alt=\"\" \/><\/figure><\/a><div class=\"details \"><div class='item-header'><h3><a href=\"https:\/\/creatur360.com\/guia-turismo\/tour\/burdeos-saint-emilion-dia-completo\/\">Burdeos &amp; Saint-\u00c9milion (d\u00eda completo)<\/a><\/h3>\t\t<span class=\"address\">\n\t\t\tOficina de Turismo de Burdeos, 12 Cours du 30 Juillet (junto a Place des Quinconces).\t\t<\/span>\n\t\t<\/div>\t\t<div class=\"item_price\" style=\"display:none\">\n\t\t\tDesde\t\t\t\t\t\t<span class=\"price\">\n\t\t\t\t<em>\n\t\t\t\t\t\t\t\t<span class=\"curr\"><\/span>\n\t\t\t\t<span class=\"amount\"><\/span>\n\t\t\t\t\t\t\t\t<\/em>\n\t\t\t<\/span>\n\t\t\t\t<\/div>\n\t\t<div class='description'><p>Ch\u00e2teaux con cata y casco medieval de Saint-\u00c9milion en un d\u00eda desde Burdeos. Gu\u00eda en espa\u00f1ol.<\/p>\n<\/div><div class='actions'><a href='https:\/\/creatur360.com\/guia-turismo\/tour\/burdeos-saint-emilion-dia-completo\/' class='gradient-button edit-entity'  data-id='3757'>Reserva ahora<\/a><\/div><\/div><!--\/\/details--><a href=\"https:\/\/creatur360.com\/guia-turismo\/tour\/burdeos-saint-emilion-dia-completo\/\" class=\"overlay-link\"><\/a><\/div><\/article><!--\/\/tour_item--><article data-tour-id=\"3754\" class=\"tour_item one-third \"><div><a href=\"https:\/\/creatur360.com\/guia-turismo\/tour\/grecia-clasica-en-4-dias-atenas-delfos-meteora-y-cabo-sunion\/\"><figure><img decoding=\"async\" width=\"400\" height=\"300\" src=\"https:\/\/creatur360.com\/guia-turismo\/wp-content\/uploads\/2025\/09\/tour-por-grecia-portada-400x300.png\" class=\"attachment-thumbnail size-thumbnail wp-post-image\" alt=\"\" \/><\/figure><\/a><div class=\"details \"><div class='item-header'><h3><a href=\"https:\/\/creatur360.com\/guia-turismo\/tour\/grecia-clasica-en-4-dias-atenas-delfos-meteora-y-cabo-sunion\/\">Grecia cl\u00e1sica en 4 d\u00edas: Atenas, Delfos, Meteora y Cabo Suni\u00f3n<\/a><\/h3>\t\t<span class=\"address\">\n\t\t\tAtenas \u2013 Plaza Syntagma, junto a la fuente central (frente al Parlamento).\t\t<\/span>\n\t\t<\/div>\t\t<div class=\"item_price\" style=\"display:none\">\n\t\t\tDesde\t\t\t\t\t\t<span class=\"price\">\n\t\t\t\t<em>\n\t\t\t\t\t\t\t\t<span class=\"curr\"><\/span>\n\t\t\t\t<span class=\"amount\"><\/span>\n\t\t\t\t\t\t\t\t<\/em>\n\t\t\t<\/span>\n\t\t\t\t<\/div>\n\t\t<div class='description'><p>Grecia en 4 d\u00edas: <strong>Atenas, Delfos, Meteora y Cabo Suni\u00f3n<\/strong>. Acr\u00f3polis y Museo, templos y monasterios con gu\u00eda en espa\u00f1ol y entradas incluidas.<\/p>\n<\/div><div class='actions'><a href='https:\/\/creatur360.com\/guia-turismo\/tour\/grecia-clasica-en-4-dias-atenas-delfos-meteora-y-cabo-sunion\/' class='gradient-button edit-entity'  data-id='3754'>Reserva ahora<\/a><\/div><\/div><!--\/\/details--><a href=\"https:\/\/creatur360.com\/guia-turismo\/tour\/grecia-clasica-en-4-dias-atenas-delfos-meteora-y-cabo-sunion\/\" class=\"overlay-link\"><\/a><\/div><\/article><!--\/\/tour_item--><article data-tour-id=\"3747\" class=\"tour_item one-third \"><div><a href=\"https:\/\/creatur360.com\/guia-turismo\/tour\/lisboa-sintra-2-dias-belem-alfama-palacios-sintra-cascais\/\"><figure><img loading=\"lazy\" decoding=\"async\" width=\"400\" height=\"300\" src=\"https:\/\/creatur360.com\/guia-turismo\/wp-content\/uploads\/2025\/09\/tour-por-portugal-portada-400x300.png\" class=\"attachment-thumbnail size-thumbnail wp-post-image\" alt=\"\" \/><\/figure><\/a><div class=\"details \"><div class='item-header'><h3><a href=\"https:\/\/creatur360.com\/guia-turismo\/tour\/lisboa-sintra-2-dias-belem-alfama-palacios-sintra-cascais\/\">Lisboa y Sintra en 2 d\u00edas: Bel\u00e9m, Alfama, palacios de Sintra y Cascais<\/a><\/h3>\t\t<span class=\"address\">\n\t\t\tPra\u00e7a do Com\u00e9rcio (Terreiro do Pa\u00e7o), bajo el Arco da Rua Augusta, 1100-148 Lisboa.\t\t<\/span>\n\t\t<\/div>\t\t<div class=\"item_price\" style=\"display:none\">\n\t\t\tDesde\t\t\t\t\t\t<span class=\"price\">\n\t\t\t\t<em>\n\t\t\t\t\t\t\t\t<span class=\"curr\"><\/span>\n\t\t\t\t<span class=\"amount\"><\/span>\n\t\t\t\t\t\t\t\t<\/em>\n\t\t\t<\/span>\n\t\t\t\t<\/div>\n\t\t<div class='description'><p>Lisboa y Sintra en 2 d\u00edas: Jer\u00f3nimos, Alfama, Baixa y Chiado; <strong>Palacio da Pena<\/strong> y <strong>Quinta da Regaleira<\/strong>, con <strong>Cabo da Roca<\/strong> y <strong>Cascais<\/strong>. Gu\u00eda en espa\u00f1ol.<\/p>\n<\/div><div class='actions'><a href='https:\/\/creatur360.com\/guia-turismo\/tour\/lisboa-sintra-2-dias-belem-alfama-palacios-sintra-cascais\/' class='gradient-button edit-entity'  data-id='3747'>Reserva ahora<\/a><\/div><\/div><!--\/\/details--><a href=\"https:\/\/creatur360.com\/guia-turismo\/tour\/lisboa-sintra-2-dias-belem-alfama-palacios-sintra-cascais\/\" class=\"overlay-link\"><\/a><\/div><\/article><!--\/\/tour_item--><article data-tour-id=\"3740\" class=\"tour_item one-third \"><div><a href=\"https:\/\/creatur360.com\/guia-turismo\/tour\/berlin-1-dia-brandeburgo-museos-muro\/\"><figure><img loading=\"lazy\" decoding=\"async\" width=\"400\" height=\"300\" src=\"https:\/\/creatur360.com\/guia-turismo\/wp-content\/uploads\/2025\/09\/tour-por-alemania-portada-400x300.png\" class=\"attachment-thumbnail size-thumbnail wp-post-image\" alt=\"\" \/><\/figure><\/a><div class=\"details \"><div class='item-header'><h3><a href=\"https:\/\/creatur360.com\/guia-turismo\/tour\/berlin-1-dia-brandeburgo-museos-muro\/\">Berl\u00edn en 1 d\u00eda: Puerta de Brandeburgo, Isla de los Museos y Muro de Berl\u00edn (East Side Gallery)<\/a><\/h3>\t\t<span class=\"address\">\n\t\t\tPuerta de Brandeburgo (Pariser Platz), lado Embajada de EE. UU.\t\t<\/span>\n\t\t<\/div>\t\t<div class=\"item_price\" style=\"display:none\">\n\t\t\tDesde\t\t\t\t\t\t<span class=\"price\">\n\t\t\t\t<em>\n\t\t\t\t\t\t\t\t<span class=\"curr\"><\/span>\n\t\t\t\t<span class=\"amount\"><\/span>\n\t\t\t\t\t\t\t\t<\/em>\n\t\t\t<\/span>\n\t\t\t\t<\/div>\n\t\t<div class='description'><p>Berl\u00edn en 1 d\u00eda: Puerta de Brandeburgo, Isla de los Museos (Berliner Dom), Checkpoint Charlie, East Side Gallery y crucero por el Spree. Gu\u00eda en espa\u00f1ol.<\/p>\n<\/div><div class='actions'><a href='https:\/\/creatur360.com\/guia-turismo\/tour\/berlin-1-dia-brandeburgo-museos-muro\/' class='gradient-button edit-entity'  data-id='3740'>Reserva ahora<\/a><\/div><\/div><!--\/\/details--><a href=\"https:\/\/creatur360.com\/guia-turismo\/tour\/berlin-1-dia-brandeburgo-museos-muro\/\" class=\"overlay-link\"><\/a><\/div><\/article><!--\/\/tour_item--><article data-tour-id=\"3728\" class=\"tour_item one-third \"><div><a href=\"https:\/\/creatur360.com\/guia-turismo\/tour\/paris-louvre-sena-montmartre\/\"><figure><img loading=\"lazy\" decoding=\"async\" width=\"400\" height=\"300\" src=\"https:\/\/creatur360.com\/guia-turismo\/wp-content\/uploads\/2025\/09\/tours-por-paris-portada-400x300.png\" class=\"attachment-thumbnail size-thumbnail wp-post-image\" alt=\"\" \/><\/figure><\/a><div class=\"details \"><div class='item-header'><h3><a href=\"https:\/\/creatur360.com\/guia-turismo\/tour\/paris-louvre-sena-montmartre\/\">Par\u00eds: Louvre, crucero por el Sena y Montmartre<\/a><\/h3>\t\t<span class=\"address\">\n\t\t\tPlaza del Trocad\u00e9ro, junto a la estatua del Mariscal Foch (Par\u00eds). Metro: Trocad\u00e9ro (L6, L9).\t\t<\/span>\n\t\t<\/div>\t\t<div class=\"item_price\" style=\"display:none\">\n\t\t\tDesde\t\t\t\t\t\t<span class=\"price\">\n\t\t\t\t<em>\n\t\t\t\t\t\t\t\t<span class=\"curr\"><\/span>\n\t\t\t\t<span class=\"amount\"><\/span>\n\t\t\t\t\t\t\t\t<\/em>\n\t\t\t<\/span>\n\t\t\t\t<\/div>\n\t\t<div class='description'><p>Par\u00eds en 1 d\u00eda: Trocad\u00e9ro, <strong>crucero por el Sena<\/strong>, <strong>Louvre sin colas<\/strong>, \u00cele de la Cit\u00e9 y <strong>Montmartre<\/strong> con gu\u00eda en espa\u00f1ol.<\/p>\n<\/div><div class='actions'><a href='https:\/\/creatur360.com\/guia-turismo\/tour\/paris-louvre-sena-montmartre\/' class='gradient-button edit-entity'  data-id='3728'>Reserva ahora<\/a><\/div><\/div><!--\/\/details--><a href=\"https:\/\/creatur360.com\/guia-turismo\/tour\/paris-louvre-sena-montmartre\/\" class=\"overlay-link\"><\/a><\/div><\/article><!--\/\/tour_item--><article data-tour-id=\"3605\" class=\"tour_item one-third \"><div><a href=\"https:\/\/creatur360.com\/guia-turismo\/tour\/triangulo-andaluz-sevilla-cordoba-granada-3-dias\/\"><figure><img loading=\"lazy\" decoding=\"async\" width=\"400\" height=\"300\" src=\"https:\/\/creatur360.com\/guia-turismo\/wp-content\/uploads\/2025\/09\/tour-sevilla-cordoba-granada-400x300.png\" class=\"attachment-thumbnail size-thumbnail wp-post-image\" alt=\"\" \/><\/figure><\/a><div class=\"details \"><div class='item-header'><h3><a href=\"https:\/\/creatur360.com\/guia-turismo\/tour\/triangulo-andaluz-sevilla-cordoba-granada-3-dias\/\">Tri\u00e1ngulo andaluz: Sevilla \u2013 C\u00f3rdoba \u2013 Granada (3 d\u00edas)<\/a><\/h3>\t\t<span class=\"address\">\n\t\t\tPuerta de Jerez, 41004 Sevilla (esquina Av. de la Constituci\u00f3n \/ San Fernando).\t\t<\/span>\n\t\t<\/div>\t\t<div class=\"item_price\" style=\"display:none\">\n\t\t\tDesde\t\t\t\t\t\t<span class=\"price\">\n\t\t\t\t<em>\n\t\t\t\t\t\t\t\t<span class=\"curr\"><\/span>\n\t\t\t\t<span class=\"amount\"><\/span>\n\t\t\t\t\t\t\t\t<\/em>\n\t\t\t<\/span>\n\t\t\t\t<\/div>\n\t\t<div class='description'><p>Andaluc\u00eda en 3 d\u00edas: Sevilla, C\u00f3rdoba y Granada. Alc\u00e1zar, Catedral\/Giralda, Mezquita y Alhambra con gu\u00eda oficial.<\/p>\n<\/div><div class='actions'><a href='https:\/\/creatur360.com\/guia-turismo\/tour\/triangulo-andaluz-sevilla-cordoba-granada-3-dias\/' class='gradient-button edit-entity'  data-id='3605'>Reserva ahora<\/a><\/div><\/div><!--\/\/details--><a href=\"https:\/\/creatur360.com\/guia-turismo\/tour\/triangulo-andaluz-sevilla-cordoba-granada-3-dias\/\" class=\"overlay-link\"><\/a><\/div><\/article><!--\/\/tour_item--><article data-tour-id=\"3602\" class=\"tour_item one-third \"><div><a href=\"https:\/\/creatur360.com\/guia-turismo\/tour\/san-sebastian-parte-vieja-monte-igueldo-ruta-de-pintxos\/\"><figure><img loading=\"lazy\" decoding=\"async\" width=\"400\" height=\"300\" src=\"https:\/\/creatur360.com\/guia-turismo\/wp-content\/uploads\/2025\/09\/monte-igueldo-tour-400x300.png\" class=\"attachment-thumbnail size-thumbnail wp-post-image\" alt=\"\" \/><\/figure><\/a><div class=\"details \"><div class='item-header'><h3><a href=\"https:\/\/creatur360.com\/guia-turismo\/tour\/san-sebastian-parte-vieja-monte-igueldo-ruta-de-pintxos\/\">San Sebasti\u00e1n: Parte Vieja + Monte Igueldo + ruta de pintxos<\/a><\/h3>\t\t<span class=\"address\">\n\t\t\tKiosko del Boulevard, Alameda del Boulevard 27 (parada de autob\u00fas \u201cBoulevard\u201d).\t\t<\/span>\n\t\t<\/div>\t\t<div class=\"item_price\" style=\"display:none\">\n\t\t\tDesde\t\t\t\t\t\t<span class=\"price\">\n\t\t\t\t<em>\n\t\t\t\t\t\t\t\t<span class=\"curr\"><\/span>\n\t\t\t\t<span class=\"amount\"><\/span>\n\t\t\t\t\t\t\t\t<\/em>\n\t\t\t<\/span>\n\t\t\t\t<\/div>\n\t\t<div class='description'><p>Ciudad + mirador top + pintxos. Parte Vieja, funicular a Igueldo y degustaci\u00f3n guiada en 5 horas con gu\u00eda local.<\/p>\n<\/div><div class='actions'><a href='https:\/\/creatur360.com\/guia-turismo\/tour\/san-sebastian-parte-vieja-monte-igueldo-ruta-de-pintxos\/' class='gradient-button edit-entity'  data-id='3602'>Reserva ahora<\/a><\/div><\/div><!--\/\/details--><a href=\"https:\/\/creatur360.com\/guia-turismo\/tour\/san-sebastian-parte-vieja-monte-igueldo-ruta-de-pintxos\/\" class=\"overlay-link\"><\/a><\/div><\/article><!--\/\/tour_item--><article data-tour-id=\"3596\" class=\"tour_item one-third \"><div><a href=\"https:\/\/creatur360.com\/guia-turismo\/tour\/granada-alhambra-albaicin-miradores\/\"><figure><img loading=\"lazy\" decoding=\"async\" width=\"400\" height=\"300\" src=\"https:\/\/creatur360.com\/guia-turismo\/wp-content\/uploads\/2025\/09\/alhambra-granada-tour-400x300.png\" class=\"attachment-thumbnail size-thumbnail wp-post-image\" alt=\"\" \/><\/figure><\/a><div class=\"details \"><div class='item-header'><h3><a href=\"https:\/\/creatur360.com\/guia-turismo\/tour\/granada-alhambra-albaicin-miradores\/\">Granada: Alhambra + Albaic\u00edn + miradores<\/a><\/h3>\t\t<span class=\"address\">\n\t\t\tPabell\u00f3n de Acceso de la Alhambra (junto al mapa mural), Paseo del Generalife 1F, 18009 Granada.\t\t<\/span>\n\t\t<\/div>\t\t<div class=\"item_price\" style=\"display:none\">\n\t\t\tDesde\t\t\t\t\t\t<span class=\"price\">\n\t\t\t\t<em>\n\t\t\t\t\t\t\t\t<span class=\"curr\"><\/span>\n\t\t\t\t<span class=\"amount\"><\/span>\n\t\t\t\t\t\t\t\t<\/em>\n\t\t\t<\/span>\n\t\t\t\t<\/div>\n\t\t<div class='description'><p>Granada en 1 d\u00eda: Alhambra sin colas \u2014Alcazaba, Palacios Nazar\u00edes y Generalife\u2014 y Albaic\u00edn con miradores ic\u00f3nicos.<\/p>\n<\/div><div class='actions'><a href='https:\/\/creatur360.com\/guia-turismo\/tour\/granada-alhambra-albaicin-miradores\/' class='gradient-button edit-entity'  data-id='3596'>Reserva ahora<\/a><\/div><\/div><!--\/\/details--><a href=\"https:\/\/creatur360.com\/guia-turismo\/tour\/granada-alhambra-albaicin-miradores\/\" class=\"overlay-link\"><\/a><\/div><\/article><!--\/\/tour_item--><\/div><!--row--><\/div><!--deals--><\/div>[\/vc_column][\/vc_row][vc_row full_width=\u00bbstretch_row\u00bb css=\u00bb.vc_custom_1540474584369{padding-top: 140px !important;padding-bottom: 350px !important;background-image: url(https:\/\/themes.themeenergy.com\/bookyourtravel\/tour-operator\/wp-content\/sample_media\/sites\/6\/2018\/06\/tours.jpg?id=140) !important;background-position: center !important;background-repeat: no-repeat !important;background-size: cover !important;}\u00bb][vc_column][vc_cta h2=\u00bbEstrenamos temporada: -30% en tu pr\u00f3ximo viaje\u00bb h2_font_container=\u00bbtag:h2|text_align:left\u00bb h2_use_theme_fonts=\u00bbyes\u00bb txt_align=\u00bbcenter\u00bb shape=\u00bbsquare\u00bb style=\u00bbcustom\u00bb el_width=\u00bbsm\u00bb add_icon=\u00bbtop\u00bb i_type=\u00bbmaterial\u00bb i_icon_material=\u00bbvc-material vc-material-loyalty\u00bb i_color=\u00bbcustom\u00bb i_background_style=\u00bbrounded-outline\u00bb i_background_color=\u00bbcustom\u00bb css=\u00bb.vc_custom_1756743446948{padding-top: 40px !important;padding-right: 40px !important;padding-bottom: 60px !important;padding-left: 40px !important;}\u00bb use_custom_fonts_h2=\u00bbtrue\u00bb custom_background=\u00bb#ffffff\u00bb custom_text=\u00bb#222222&#8243; i_custom_color=\u00bb#ff5702&#8243; i_custom_background_color=\u00bb#ffffff\u00bb]<strong>Aprovecha la promoci\u00f3n y reserva hoy al mejor precio.\u00a0<\/strong><\/p>\n<p><strong>Introduce el c\u00f3digo TEMPORADA30 en el carrito.<\/strong>[\/vc_cta][\/vc_column][\/vc_row][vc_row full_width=\u00bbstretch_row_content_no_spaces\u00bb disable_element=\u00bbyes\u00bb css=\u00bb.vc_custom_1540481501979{margin-bottom: -27px !important;padding-top: 0px !important;padding-right: 0px !important;padding-bottom: 0px !important;padding-left: 0px !important;}\u00bb][vc_column css=\u00bb.vc_custom_1540395387832{padding-top: 0px !important;padding-right: 0px !important;padding-bottom: 0px !important;padding-left: 0px !important;}\u00bb][vc_masonry_grid post_type=\u00bbpage\u00bb max_items=\u00bb4&#8243; element_width=\u00bb3&#8243; gap=\u00bb0&#8243; orderby=\u00bbtitle\u00bb order=\u00bbASC\u00bb item=\u00bb237&#8243; initial_loading_animation=\u00bbnone\u00bb css=\u00bb.vc_custom_1540481352736{margin-bottom: 0px !important;}\u00bb grid_id=\u00bbvc_gid:1760037850049-2ebbbad3-c1d9-2&#8243; exclude=\u00bb272, 13, 26, 30, 312, 313&#8243;][\/vc_column][\/vc_row][vc_row full_width=\u00bbstretch_row\u00bb css=\u00bb.vc_custom_1540475706687{margin-bottom: -27px !important;padding-top: 55px !important;padding-bottom: 40px !important;background-color: #ff5702 !important;}\u00bb][vc_column width=\u00bb1\/4&#8243;][\/vc_column][vc_column width=\u00bb1\/2&#8243;][vc_column_text css=\u00bb\u00bb]<\/p>\n<h2 style=\"text-align: center;\"><span style=\"color: #ffffff;\">\u00bfNo encuentras el tour que deseas? Te lo organizamos<\/span><\/h2>\n<p>[\/vc_column_text][vc_column_text css=\u00bb.vc_custom_1757260317225{padding-bottom: 20px !important;}\u00bb]<\/p>\n<p style=\"text-align: center; font-size: 18px;\"><span style=\"color: #ffffff;\">Cu\u00e9ntanos fechas e intereses y te enviamos una propuesta personalizada.<\/span><\/p>\n<p>[\/vc_column_text][vc_btn title=\u00bbCONTACTA CON NOSOTROS\u00bb style=\u00bbcustom\u00bb custom_background=\u00bb#222222&#8243; custom_text=\u00bb#ffffff\u00bb size=\u00bblg\u00bb align=\u00bbcenter\u00bb css=\u00bb\u00bb link=\u00bburl:https%3A%2F%2Fcreatur360.com%2Fguia-turismo%2Fcontacto%2F|title:Sobre%20nosotros%20%26%20contacto\u00bb][\/vc_column][vc_column width=\u00bb1\/4&#8243;][\/vc_column][\/vc_row]<\/p>\n<\/div>","protected":false},"excerpt":{"rendered":"<p>[vc_row full_width=\u00bbstretch_row\u00bb gap=\u00bb30&#8243; css=\u00bb.vc_custom_1552586126722{padding-top: 25px !important;padding-bottom: 20px !important;background-color: #ffffff !important;}\u00bb][vc_column][\/vc_column][\/vc_row][vc_row equal_height=\u00bbyes\u00bb content_placement=\u00bbmiddle\u00bb css=\u00bb.vc_custom_1540393952215{padding-top: 40px !important;padding-bottom: 20px !important;}\u00bb][vc_column width=\u00bb1\/2&#8243;][vc_column_text css=\u00bb\u00bb] Tours para tu pr\u00f3xima escapada Visitas guiadas en Espa\u00f1a, Europa y otros destinos. Gu\u00eda en espa\u00f1ol, entradas sin colas y confirmaci\u00f3n inmediata.[\/vc_column_text][\/vc_column][vc_column width=\u00bb1\/2&#8243;][\/vc_column][\/vc_row][vc_row css=\u00bb.vc_custom_1540399084096{padding-bottom: 50px !important;}\u00bb][vc_column][\/vc_column][\/vc_row][vc_row full_width=\u00bbstretch_row\u00bb css=\u00bb.vc_custom_1540474584369{padding-top: 140px !important;padding-bottom: 350px !important;background-image: url(https:\/\/themes.themeenergy.com\/bookyourtravel\/tour-operator\/wp-content\/sample_media\/sites\/6\/2018\/06\/tours.jpg?id=140) !important;background-position: center !important;background-repeat: [&hellip;]<\/p>\n","protected":false},"author":1,"featured_media":0,"parent":0,"menu_order":0,"comment_status":"closed","ping_status":"closed","template":"byt_home.php","meta":{"footnotes":""},"class_list":["post-359","page","type-page","status-publish","hentry"],"_links":{"self":[{"href":"https:\/\/creatur360.com\/guia-turismo\/wp-json\/wp\/v2\/pages\/359","targetHints":{"allow":["GET"]}}],"collection":[{"href":"https:\/\/creatur360.com\/guia-turismo\/wp-json\/wp\/v2\/pages"}],"about":[{"href":"https:\/\/creatur360.com\/guia-turismo\/wp-json\/wp\/v2\/types\/page"}],"author":[{"embeddable":true,"href":"https:\/\/creatur360.com\/guia-turismo\/wp-json\/wp\/v2\/users\/1"}],"replies":[{"embeddable":true,"href":"https:\/\/creatur360.com\/guia-turismo\/wp-json\/wp\/v2\/comments?post=359"}],"version-history":[{"count":11,"href":"https:\/\/creatur360.com\/guia-turismo\/wp-json\/wp\/v2\/pages\/359\/revisions"}],"predecessor-version":[{"id":3898,"href":"https:\/\/creatur360.com\/guia-turismo\/wp-json\/wp\/v2\/pages\/359\/revisions\/3898"}],"wp:attachment":[{"href":"https:\/\/creatur360.com\/guia-turismo\/wp-json\/wp\/v2\/media?parent=359"}],"curies":[{"name":"wp","href":"https:\/\/api.w.org\/{rel}","templated":true}]}}